{"id":17,"date":"2018-06-08T21:23:59","date_gmt":"2018-06-08T19:23:59","guid":{"rendered":"https:\/\/folkparkenskelleftea.local\/?page_id=17"},"modified":"2026-01-08T10:14:23","modified_gmt":"2026-01-08T09:14:23","slug":"about-us","status":"publish","type":"page","link":"https:\/\/staging.folkparkenskelleftea.se\/en\/about-us\/","title":{"rendered":"About Folkparken Skellefte\u00e5"},"content":{"rendered":"<p>Over time, it became a bit too cramped and in 1973 the main building itself was built. This allowed Folkparken to expand its offering, with meeting facilities and other indoor activities. In 1992, a major expansion was made, including the addition of our Kronan banquet hall.<\/p>\n<p>V\u00e5r verksamhet har efter det fortsatt att v\u00e4xa och breddas. Vid millennieskiftet tillkom exempelvis puben McWell och idag \u00e4r Folkparken en stor och m\u00e5ngsidig anl\u00e4ggning s\u00e5v\u00e4l inomhus som utomhus. Vi har st\u00e5tt v\u00e4rd f\u00f6r alla m\u00f6jliga och om\u00f6jliga event med allt fr\u00e5n den ursprungliga dans och musikverksamheten till konferens och tv-s\u00e4ndningar.<\/p>\n<p><a href=\"https:\/\/staging.folkparkenskelleftea.se\/en\/activities\/\">Ute p\u00e5 v\u00e5rt omr\u00e5de hittar du volleybollplaner, skatepark, pumptrack, basketplan, kl\u00e4tterv\u00e4gg samt en graffittiv\u00e4gg p\u00e5 baksidan av planket d\u00e4r du kan visa upp din talang!<\/a><\/p>\n<p>If you just need large open spaces to play, play games or hold competitions, you&#039;ll find it here! The space is open to the public, but if you want to hold an event, it&#039;s also possible to book the outdoor area for this.<\/p>","protected":false},"excerpt":{"rendered":"<p>Skellefte\u00e5 Folkets Park opened its doors for the first time back in 1925. The establishment was received with great enthusiasm and soon became a meeting place with outdoor activities such as dance, music and a funfair.<\/p>","protected":false},"author":8,"featured_media":28250,"parent":0,"menu_order":8,"comment_status":"closed","ping_status":"closed","template":"","meta":{"_acf_changed":false,"footnotes":""},"class_list":["post-17","page","type-page","status-publish","has-post-thumbnail","hentry"],"acf":[],"publishpress_future_action":{"enabled":false,"date":"2026-04-21 16:04:14","action":"change-status","newStatus":"draft","terms":[],"taxonomy":"","extraData":[]},"publishpress_future_workflow_manual_trigger":{"enabledWorkflows":[]},"_links":{"self":[{"href":"https:\/\/staging.folkparkenskelleftea.se\/en\/wp-json\/wp\/v2\/pages\/17","targetHints":{"allow":["GET"]}}],"collection":[{"href":"https:\/\/staging.folkparkenskelleftea.se\/en\/wp-json\/wp\/v2\/pages"}],"about":[{"href":"https:\/\/staging.folkparkenskelleftea.se\/en\/wp-json\/wp\/v2\/types\/page"}],"author":[{"embeddable":true,"href":"https:\/\/staging.folkparkenskelleftea.se\/en\/wp-json\/wp\/v2\/users\/8"}],"replies":[{"embeddable":true,"href":"https:\/\/staging.folkparkenskelleftea.se\/en\/wp-json\/wp\/v2\/comments?post=17"}],"version-history":[{"count":10,"href":"https:\/\/staging.folkparkenskelleftea.se\/en\/wp-json\/wp\/v2\/pages\/17\/revisions"}],"predecessor-version":[{"id":29175,"href":"https:\/\/staging.folkparkenskelleftea.se\/en\/wp-json\/wp\/v2\/pages\/17\/revisions\/29175"}],"wp:featuredmedia":[{"embeddable":true,"href":"https:\/\/staging.folkparkenskelleftea.se\/en\/wp-json\/wp\/v2\/media\/28250"}],"wp:attachment":[{"href":"https:\/\/staging.folkparkenskelleftea.se\/en\/wp-json\/wp\/v2\/media?parent=17"}],"curies":[{"name":"wp","href":"https:\/\/api.w.org\/{rel}","templated":true}]}}