{"id":28933,"date":"2025-06-10T11:42:07","date_gmt":"2025-06-10T09:42:07","guid":{"rendered":"https:\/\/staging.folkparkenskelleftea.se\/?page_id=28933"},"modified":"2025-06-17T08:11:08","modified_gmt":"2025-06-17T06:11:08","slug":"cookies","status":"publish","type":"page","link":"https:\/\/staging.folkparkenskelleftea.se\/en\/cookies\/","title":{"rendered":"Cookies"},"content":{"rendered":"<p>You can change your cookie settings at any time by clicking the button above. This will allow you to return to the cookie consent banner and change your settings or withdraw your consent immediately.<\/p>\n<p>In addition, different browsers offer different methods for blocking and deleting cookies used by websites. You can change the settings in your browser to block\/delete cookies. Listed below are links to support documents on how to manage and delete cookies from the most common browsers.<\/p>\n<p>Chrome: <a href=\"https:\/\/support.google.com\/accounts\/answer\/32050\" target=\"_blank\" rel=\"noopener\">https:\/\/support.google.com\/accounts\/answer\/32050<\/a><\/p>\n<p>Safari: <a href=\"https:\/\/support.apple.com\/en-in\/guide\/safari\/sfri11471\/mac\" target=\"_blank\" rel=\"noopener\">https:\/\/support.apple.com\/en-in\/guide\/safari\/sfri11471\/mac<\/a><\/p>\n<p>Firefox: <a href=\"https:\/\/support.mozilla.org\/en-US\/kb\/clear-cookies-and-site-data-firefox?redirectslug=delete-cookies-remove-info-websites-stored&amp;redirectlocale=en-US\" target=\"_blank\" rel=\"noopener\">https:\/\/support.mozilla.org\/en-US\/kb\/clear-cookies-and-site-data-firefox?redirectslug=delete-cookies-remove-info-websites-stored&amp;redirectlocale=en-US<\/a><\/p>\n<p>Internet Explorer: <a href=\"https:\/\/support.microsoft.com\/en-us\/topic\/how-to-delete-cookie-files-in-internet-explorer-bca9446f-d873-78de-77ba-d42645fa52fc\" target=\"_blank\" rel=\"noopener\">https:\/\/support.microsoft.com\/en-us\/topic\/how-to-delete-cookie-files-in-internet-explorer-bca9446f-d873-78de-77ba-d42645fa52fc<\/a><\/p>\n<p>If you are using any other browser, please visit your browser&#039;s official support document.<\/p>","protected":false},"excerpt":{"rendered":"<p>Du kan n\u00e4r som helst \u00e4ndra dina cookieinst\u00e4llningar genom att klicka p\u00e5 knappen ovan. Detta l\u00e5ter dig \u00e5terv\u00e4nda till bannern f\u00f6r cookie-samtycke och \u00e4ndra dina inst\u00e4llningar eller \u00e5terkalla ditt samtycke direkt. Ut\u00f6ver detta erbjuder olika webbl\u00e4sare olika metoder f\u00f6r att blockera och ta bort cookies som anv\u00e4nds av webbplatser. Du kan \u00e4ndra inst\u00e4llningarna i din [&hellip;]<\/p>","protected":false},"author":10,"featured_media":0,"parent":0,"menu_order":20,"comment_status":"closed","ping_status":"closed","template":"","meta":{"_acf_changed":false,"footnotes":""},"class_list":["post-28933","page","type-page","status-publish","hentry"],"acf":[],"publishpress_future_action":{"enabled":false,"date":"2026-04-21 16:11:53","action":"change-status","newStatus":"draft","terms":[],"taxonomy":"","extraData":[]},"publishpress_future_workflow_manual_trigger":{"enabledWorkflows":[]},"_links":{"self":[{"href":"https:\/\/staging.folkparkenskelleftea.se\/en\/wp-json\/wp\/v2\/pages\/28933","targetHints":{"allow":["GET"]}}],"collection":[{"href":"https:\/\/staging.folkparkenskelleftea.se\/en\/wp-json\/wp\/v2\/pages"}],"about":[{"href":"https:\/\/staging.folkparkenskelleftea.se\/en\/wp-json\/wp\/v2\/types\/page"}],"author":[{"embeddable":true,"href":"https:\/\/staging.folkparkenskelleftea.se\/en\/wp-json\/wp\/v2\/users\/10"}],"replies":[{"embeddable":true,"href":"https:\/\/staging.folkparkenskelleftea.se\/en\/wp-json\/wp\/v2\/comments?post=28933"}],"version-history":[{"count":3,"href":"https:\/\/staging.folkparkenskelleftea.se\/en\/wp-json\/wp\/v2\/pages\/28933\/revisions"}],"predecessor-version":[{"id":28936,"href":"https:\/\/staging.folkparkenskelleftea.se\/en\/wp-json\/wp\/v2\/pages\/28933\/revisions\/28936"}],"wp:attachment":[{"href":"https:\/\/staging.folkparkenskelleftea.se\/en\/wp-json\/wp\/v2\/media?parent=28933"}],"curies":[{"name":"wp","href":"https:\/\/api.w.org\/{rel}","templated":true}]}}