{"id":7,"date":"2018-06-08T21:23:01","date_gmt":"2018-06-08T19:23:01","guid":{"rendered":"https:\/\/folkparkenskelleftea.local\/?page_id=7"},"modified":"2025-08-29T12:38:22","modified_gmt":"2025-08-29T10:38:22","slug":"event-calendar","status":"publish","type":"page","link":"https:\/\/staging.folkparkenskelleftea.se\/en\/event-calendar\/","title":{"rendered":"Event calendar"},"content":{"rendered":"<h2>Festlokal<\/h2>\n<p>V\u00e5r festsal Kronan \u00e4r en vacker festlokal med b\u00e5de takh\u00f6jd och r\u00f6relsefrihet. Etagev\u00e5ningen runt lokalen skapar rymd och \u00f6ppnar upp \u00e4nnu fler m\u00f6jligheter f\u00f6r dig som vill boka lokalen. I Kronan finns m\u00f6jlighet att duka f\u00f6r 650 personer och vi kan \u00e4ven \u00f6ppna upp mot den intilliggande lokalen K\u00e4rnan som rymmer ytterligare 200 sittande g\u00e4ster.<\/p>\n<p>Vi kan erbjuda kompletta l\u00f6sningar med mat, show och underh\u00e5llning men det \u00e4r du som kund som avg\u00f6r vad du vill ha och i vilken skala. Vi\u00a0 samarbetar ocks\u00e5 med cateringfirmor f\u00f6r att kunna vara flexibla med ett flertal olika l\u00f6sningar.<\/p>\n<h2>Dance<\/h2>\n<p>I mer \u00e4n 50 \u00e5r har Folkparken varit en stor del av danslivet i Skellefte\u00e5. Med regelbundna danser \u00e5ret om v\u00e4lkomnar vi dansband fr\u00e5n hela Sverige och ger publik chansen att ta del av de b\u00e4sta dansbanden som landet har att erbjuda.<\/p>\n<p>Under sommaren arrangeras dans torsdagskv\u00e4llar och n\u00e5gra g\u00e5nger under vinterhalv\u00e5ret.<\/p>\n<h2>Conference<\/h2>\n<p>S\u00f6ker ni efter en flexibel och komplett l\u00f6sning f\u00f6r er konferens eller m\u00e4ssa \u00e4r vi p\u00e5 Folkparken den perfekta samarbetspartnern. Med v\u00e5rt breda utbud av lokaler i olika storlekar kan vi tillgodose en m\u00e4ngd olika behov som ni kan ha f\u00f6r er konferens.<\/p>\n<p>Oavsett om det \u00e4r en mindre arbetsgrupp som ska tr\u00e4ffas eller hela f\u00f6retaget s\u00e5 kan vi anpassa v\u00e5rt erbjudande efter era behov.\u00a0 H\u00f6r av er om ni vill vara n\u00e4sta i v\u00e5r rad av n\u00f6jda kunder.<\/p>\n<p>Vi kan ordna med allt runtomkring er konferens som ni beh\u00f6ver med v\u00e5r kunniga personal inom lokaler, mat och teknik alternativt tillsammans men n\u00e5gon av v\u00e5ra samarbetspartners.<\/p>\n<p><a href=\"https:\/\/staging.folkparkenskelleftea.se\/en\/conference\/\">G\u00e5 till konferenser<\/a><\/p>\n<h2>Konsert<\/h2>\n<p>Folkparken \u00e4r en av de st\u00f6rsta och mest aktiva arenorna f\u00f6r livemusik i Skellefte\u00e5. Inomhus finns dels Kronan med plats f\u00f6r upp till 1100 personer, men ocks\u00e5 lokalen K\u00e4rnan som rymmer upp till 500 personer.<\/p>\n<p>Utomhus finns det plats f\u00f6r konserter med upp till 30 000 bes\u00f6kare. Vi \u00e4r alltid intresserade av st\u00f6rre arrangemang och kan erbjuda allt fr\u00e5n att bara hyra ut ytan till dig som arrang\u00f6r eller att sj\u00e4lva sk\u00f6ta allt kring arrangemanget.<\/p>\n<h2>Nattklubb<\/h2>\n<p>Folkparken \u00e4r Skellefte\u00e5s st\u00f6rsta nattklubb. Vi kan erbjuda ett pumpande och fartfyllt dansgolv f\u00f6r upp till 1100 personer, men vi \u00e4r ocks\u00e5 mer \u00e4n bara en nattklubb. Ett flertal olika klubbar anv\u00e4nder v\u00e5ra lokaler till att bjuda p\u00e5 det mest m\u00e5ngsidiga och roligas n\u00f6jeslivet i Skellefte\u00e5.<\/p>\n<p>Vi \u00e4r alltid intresserade av samarbeten med klubbarrang\u00f6rer. Har ni en klubb eller en dr\u00f6m om en klubb men letar efter en tillr\u00e4ckligt stor, tillr\u00e4ckligt bra eller tillr\u00e4ckligt flexibel lokall\u00f6sning? D\u00e5 \u00e4r Folkparken ett givet val, h\u00f6r av er till oss.<\/p>\n<h2>Loppis<\/h2>\n<p>Inne i Kronan, den st\u00f6rsta lokalen i Folkparken arrangeras regelbundet loppisar. H\u00e5ll utkik p\u00e5 v\u00e5r kalender och p\u00e5 Folkparkens Facebooksida f\u00f6r datum f\u00f6r kommande loppisar.<\/p>\n<p><strong>Information till dig som loppis-f\u00f6rs\u00e4ljare:<\/strong><br \/>\nLoppisen sk\u00f6ts av Ludwig Eriksson &amp; Emma Dahlgren.<\/p>\n<p>F\u00f6r mer information &amp; bokningar kontakta dem p\u00e5 f\u00f6ljande s\u00e4tt: <a href=\"https:\/\/www.facebook.com\/loppisskelleftea\/\" target=\"_blank\" rel=\"nofollow noopener\">https:\/\/www.facebook.com\/loppisskelleftea\/<\/a><\/p>\n<p><a href=\"mailto:loppisfolkparken@gmail.com\">loppisfolkparken@gmail.com<\/a> eller 070-34 83 500<\/p>","protected":false},"excerpt":{"rendered":"<p>We have space for both grand parties and intimate meetings. With flexible premises, solid experience and a passion for events in all forms, we create the conditions - you set the tone. Whether you are planning a corporate event, want to dance to Sweden&#039;s best dance band or just find bargains at a flea market, Folkparken in Skellefte\u00e5 is the meeting place where everything is possible.<\/p>","protected":false},"author":8,"featured_media":0,"parent":0,"menu_order":2,"comment_status":"closed","ping_status":"closed","template":"","meta":{"_acf_changed":false,"footnotes":""},"class_list":["post-7","page","type-page","status-publish","hentry"],"acf":[],"publishpress_future_action":{"enabled":false,"date":"2026-04-21 16:11:45","action":"change-status","newStatus":"draft","terms":[],"taxonomy":"","extraData":[]},"publishpress_future_workflow_manual_trigger":{"enabledWorkflows":[]},"_links":{"self":[{"href":"https:\/\/staging.folkparkenskelleftea.se\/en\/wp-json\/wp\/v2\/pages\/7","targetHints":{"allow":["GET"]}}],"collection":[{"href":"https:\/\/staging.folkparkenskelleftea.se\/en\/wp-json\/wp\/v2\/pages"}],"about":[{"href":"https:\/\/staging.folkparkenskelleftea.se\/en\/wp-json\/wp\/v2\/types\/page"}],"author":[{"embeddable":true,"href":"https:\/\/staging.folkparkenskelleftea.se\/en\/wp-json\/wp\/v2\/users\/8"}],"replies":[{"embeddable":true,"href":"https:\/\/staging.folkparkenskelleftea.se\/en\/wp-json\/wp\/v2\/comments?post=7"}],"version-history":[{"count":5,"href":"https:\/\/staging.folkparkenskelleftea.se\/en\/wp-json\/wp\/v2\/pages\/7\/revisions"}],"predecessor-version":[{"id":29041,"href":"https:\/\/staging.folkparkenskelleftea.se\/en\/wp-json\/wp\/v2\/pages\/7\/revisions\/29041"}],"wp:attachment":[{"href":"https:\/\/staging.folkparkenskelleftea.se\/en\/wp-json\/wp\/v2\/media?parent=7"}],"curies":[{"name":"wp","href":"https:\/\/api.w.org\/{rel}","templated":true}]}}